{"id":7,"date":"2020-11-26T15:26:03","date_gmt":"2020-11-26T14:26:03","guid":{"rendered":"http:\/\/WozowniaWP.garden-service.com.pl\/?page_id=7"},"modified":"2021-11-08T20:49:29","modified_gmt":"2021-11-08T19:49:29","slug":"home","status":"publish","type":"page","link":"https:\/\/starawozownia.pl\/","title":{"rendered":"Home"},"content":{"rendered":"\n<div class=\"wp-block-group\"><div class=\"wp-block-group__inner-container is-layout-flow wp-block-group-is-layout-flow\">\n<h2 class=\"wp-block-heading\">Zam\u00f3w z dowozem lub odbierz w restauracji<\/h2>\n\n\n\n<p>Restauracja \u201eStara Wozownia\u201d s\u0142ynie z wy\u015bmienitej kuchni&nbsp;\u2013 serwujemy dania kuchni polskiej i \u015br\u00f3dziemnomorskiej.&nbsp;Jeste\u015bmy szczeg\u00f3lnie znani w okolicy z naszych zup, dziczyzny i da\u0144 z drobiu. Kuchnia polska w naszej wersji&nbsp;charakteryzuje si\u0119 z jednej strony zachowaniem oryginalnych&nbsp;domowych przepis\u00f3w, a z drugiej \u2013 serwujemy j\u0105 w nowym,&nbsp;zdrowym (odt\u0142uszczonym) wydaniu. Z kolei kuchnia \u015br\u00f3dziemnomorska to ca\u0142e bogactwo potraw z W\u0142och,&nbsp;Francji i Hiszpanii. Bazuje na rybach, makaronach,&nbsp;\u015bwie\u017cych warzywach \u2013 nierzadko w postaci sa\u0142atek.&nbsp;Kr\u00f3tko m\u00f3wi\u0105c jest r\u00f3\u017cnorodnie, smacznie i zdrowo.<\/p>\n<\/div><\/div>\n\n\n\n<figure class=\"wp-block-image size-large\"><img fetchpriority=\"high\" decoding=\"async\" width=\"722\" height=\"1024\" src=\"http:\/\/WozowniaWP.garden-service.com.pl\/wp-content\/uploads\/2021\/03\/Spizarnia-stara-wozownia-_-ilustracjau_druk-722x1024.jpg\" alt=\"\" class=\"wp-image-635\" srcset=\"https:\/\/starawozownia.pl\/wp-content\/uploads\/2021\/03\/Spizarnia-stara-wozownia-_-ilustracjau_druk-722x1024.jpg 722w, https:\/\/starawozownia.pl\/wp-content\/uploads\/2021\/03\/Spizarnia-stara-wozownia-_-ilustracjau_druk-211x300.jpg 211w, https:\/\/starawozownia.pl\/wp-content\/uploads\/2021\/03\/Spizarnia-stara-wozownia-_-ilustracjau_druk-1083x1536.jpg 1083w, https:\/\/starawozownia.pl\/wp-content\/uploads\/2021\/03\/Spizarnia-stara-wozownia-_-ilustracjau_druk-1444x2048.jpg 1444w, https:\/\/starawozownia.pl\/wp-content\/uploads\/2021\/03\/Spizarnia-stara-wozownia-_-ilustracjau_druk.jpg 1748w\" sizes=\"(max-width: 722px) 100vw, 722px\" \/><\/figure>\n\n\n\n<div class=\"aktualnosci\">\n\n\n\n<h2 class=\"has-text-align-center wp-block-heading\">Aktualno\u015bci<\/h2>\n\n\n\n\n<ul class=\"wp-block-latest-posts__list wp-block-latest-posts\"><li><div class=\"wp-block-latest-posts__featured-image aligncenter\"><img decoding=\"async\" width=\"724\" height=\"1024\" src=\"https:\/\/starawozownia.pl\/wp-content\/uploads\/2026\/01\/1-724x1024.png\" class=\"attachment-large size-large wp-post-image\" alt=\"\" style=\"max-width:768px;max-height:768px;\" srcset=\"https:\/\/starawozownia.pl\/wp-content\/uploads\/2026\/01\/1-724x1024.png 724w, https:\/\/starawozownia.pl\/wp-content\/uploads\/2026\/01\/1-212x300.png 212w, https:\/\/starawozownia.pl\/wp-content\/uploads\/2026\/01\/1-1086x1536.png 1086w, https:\/\/starawozownia.pl\/wp-content\/uploads\/2026\/01\/1.png 1414w\" sizes=\"(max-width: 724px) 100vw, 724px\" \/><\/div><a class=\"wp-block-latest-posts__post-title\" href=\"https:\/\/starawozownia.pl\/?p=859\">Zimowe specja\u0142y od Starej Wozowni<\/a><div class=\"wp-block-latest-posts__post-excerpt\"><\/div><\/li>\n<\/ul>\n\n\n<\/div>\n\n\n\n<div class=\"wp-block-buttons is-layout-flex wp-block-buttons-is-layout-flex\"><\/div>\n","protected":false},"excerpt":{"rendered":"<p>Zam\u00f3w z dowozem lub odbierz w restauracji Restauracja \u201eStara Wozownia\u201d s\u0142ynie z wy\u015bmienitej kuchni&nbsp;\u2013 serwujemy dania kuchni polskiej i \u015br\u00f3dziemnomorskiej.&nbsp;Jeste\u015bmy szczeg\u00f3lnie znani w okolicy z naszych zup, dziczyzny i da\u0144 z drobiu. Kuchnia polska w naszej wersji&nbsp;charakteryzuje si\u0119 z jednej strony zachowaniem oryginalnych&nbsp;domowych przepis\u00f3w, a z drugiej \u2013 serwujemy j\u0105 w nowym,&nbsp;zdrowym (odt\u0142uszczonym) wydaniu. Z <a href=\"https:\/\/starawozownia.pl\/\" class=\"more-link\">&#8230;<\/a><\/p>\n","protected":false},"author":4,"featured_media":0,"parent":0,"menu_order":0,"comment_status":"closed","ping_status":"closed","template":"","meta":{"footnotes":""},"class_list":["post-7","page","type-page","status-publish","hentry"],"_links":{"self":[{"href":"https:\/\/starawozownia.pl\/index.php?rest_route=\/wp\/v2\/pages\/7","targetHints":{"allow":["GET"]}}],"collection":[{"href":"https:\/\/starawozownia.pl\/index.php?rest_route=\/wp\/v2\/pages"}],"about":[{"href":"https:\/\/starawozownia.pl\/index.php?rest_route=\/wp\/v2\/types\/page"}],"author":[{"embeddable":true,"href":"https:\/\/starawozownia.pl\/index.php?rest_route=\/wp\/v2\/users\/4"}],"replies":[{"embeddable":true,"href":"https:\/\/starawozownia.pl\/index.php?rest_route=%2Fwp%2Fv2%2Fcomments&post=7"}],"version-history":[{"count":76,"href":"https:\/\/starawozownia.pl\/index.php?rest_route=\/wp\/v2\/pages\/7\/revisions"}],"predecessor-version":[{"id":717,"href":"https:\/\/starawozownia.pl\/index.php?rest_route=\/wp\/v2\/pages\/7\/revisions\/717"}],"wp:attachment":[{"href":"https:\/\/starawozownia.pl\/index.php?rest_route=%2Fwp%2Fv2%2Fmedia&parent=7"}],"curies":[{"name":"wp","href":"https:\/\/api.w.org\/{rel}","templated":true}]}}